{"id":575,"date":"2025-04-17T22:20:17","date_gmt":"2025-04-17T22:20:17","guid":{"rendered":"https:\/\/clubpiratasuperstereo.com\/?page_id=575"},"modified":"2026-03-01T07:24:43","modified_gmt":"2026-03-01T07:24:43","slug":"club-2","status":"publish","type":"page","link":"https:\/\/clubpiratasuperstereo.com\/index.php\/club-2\/","title":{"rendered":"Club"},"content":{"rendered":"\n<div class=\"wp-block-group is-layout-flow wp-block-group-is-layout-flow\">\n<div class=\"wp-block-columns is-layout-flex wp-container-core-columns-is-layout-28f84493 wp-block-columns-is-layout-flex\">\n<div class=\"wp-block-column is-style-default is-layout-flow wp-block-column-is-layout-flow\" style=\"border-style:none;border-width:0px;padding-top:0;padding-right:0;padding-bottom:0;padding-left:0\">\n<figure class=\"wp-block-image size-full is-style-default\"><a href=\"https:\/\/clubpiratasuperstereo.com\/index.php\/fotos\/\"><img loading=\"lazy\" decoding=\"async\" width=\"1040\" height=\"780\" src=\"https:\/\/clubpiratasuperstereo.com\/wp-content\/uploads\/2025\/04\/IMG-20220720-WA0058.jpg\" alt=\"\" class=\"wp-image-580\" srcset=\"https:\/\/clubpiratasuperstereo.com\/wp-content\/uploads\/2025\/04\/IMG-20220720-WA0058.jpg 1040w, https:\/\/clubpiratasuperstereo.com\/wp-content\/uploads\/2025\/04\/IMG-20220720-WA0058-300x225.jpg 300w, https:\/\/clubpiratasuperstereo.com\/wp-content\/uploads\/2025\/04\/IMG-20220720-WA0058-1024x768.jpg 1024w\" sizes=\"auto, (max-width: 1040px) 100vw, 1040px\" \/><\/a><\/figure>\n\n\n\n<h3 class=\"wp-block-heading has-text-align-center\"><a href=\"https:\/\/clubpiratasuperstereo.com\/index.php\/fotos\/\">FOTOS<\/a><\/h3>\n<\/div>\n\n\n\n<div class=\"wp-block-column is-style-default is-layout-flow wp-block-column-is-layout-flow\" style=\"border-style:none;border-width:0px;padding-top:0;padding-right:0;padding-bottom:0;padding-left:0\">\n<figure class=\"wp-block-image aligncenter size-full is-resized\"><a href=\"https:\/\/clubpiratasuperstereo.com\/index.php\/aniversarios\/\"><img loading=\"lazy\" decoding=\"async\" width=\"960\" height=\"960\" src=\"https:\/\/clubpiratasuperstereo.com\/wp-content\/uploads\/2025\/04\/logo-pirate-club.png\" alt=\"\" class=\"wp-image-587\" style=\"width:418px;height:auto\" srcset=\"https:\/\/clubpiratasuperstereo.com\/wp-content\/uploads\/2025\/04\/logo-pirate-club.png 960w, https:\/\/clubpiratasuperstereo.com\/wp-content\/uploads\/2025\/04\/logo-pirate-club-300x300.png 300w, https:\/\/clubpiratasuperstereo.com\/wp-content\/uploads\/2025\/04\/logo-pirate-club-150x150.png 150w\" sizes=\"auto, (max-width: 960px) 100vw, 960px\" \/><\/a><\/figure>\n\n\n\n<h3 class=\"wp-block-heading has-text-align-center\"><a href=\"https:\/\/clubpiratasuperstereo.com\/index.php\/aniversarios\/\">ANIVERSARIOS<\/a><\/h3>\n<\/div>\n<\/div>\n\n\n\n<div style=\"height:79px\" aria-hidden=\"true\" class=\"wp-block-spacer\"><\/div>\n\n\n\n<h2 class=\"wp-block-heading has-text-align-center\">CREDITOS<\/h2>\n\n\n\n<h3 class=\"wp-block-heading has-text-align-center\"><strong>Comit\u00e9 Organizador<\/strong><\/h3>\n<\/div>\n\n\n\n<p class=\"has-text-align-center\">Griselda Becerra<\/p>\n\n\n\n<p class=\"has-text-align-center\">Oswaldo Rojas<\/p>\n\n\n\n<p class=\"has-text-align-center\">Jaime Barrag\u00e1n<\/p>\n\n\n\n<p class=\"has-text-align-center\">Ricardo Quevedo<\/p>\n\n\n\n<h3 class=\"wp-block-heading has-text-align-center\"><strong><strong>Web Master<\/strong><\/strong><\/h3>\n\n\n\n<p class=\"has-text-align-center\">Andr\u00e9s S\u00e1nchez<\/p>\n\n\n\n<h3 class=\"wp-block-heading has-text-align-center\"><strong><strong><strong>Imagen y creatividad<\/strong><\/strong><\/strong><\/h3>\n\n\n\n<p class=\"has-text-align-center\">Arturo Ortiz<\/p>\n\n\n\n<h3 class=\"wp-block-heading has-text-align-center\"><strong><strong><strong><strong>PIRATE CLUB RADIO<\/strong><\/strong><\/strong><\/strong><\/h3>\n\n\n\n<h3 class=\"wp-block-heading has-text-align-center\"><strong><strong><strong><strong><strong>Programaci\u00f3n<\/strong><\/strong><\/strong><\/strong><\/strong><\/h3>\n\n\n\n<p class=\"has-text-align-center\">Griselda Becerra<\/p>\n\n\n\n<h3 class=\"wp-block-heading has-text-align-center\"><strong><strong><strong><strong><strong><strong>Voz oficial<\/strong><\/strong><\/strong><\/strong><\/strong><\/strong><\/h3>\n\n\n\n<p class=\"has-text-align-center\">Juan Pablo Orea<\/p>\n\n\n\n<h3 class=\"wp-block-heading has-text-align-center\"><strong><strong><strong><strong><strong><strong>Contenidos<\/strong><\/strong><\/strong><\/strong><\/strong><\/strong><\/h3>\n\n\n\n<h3 class=\"wp-block-heading has-text-align-center\"><strong><strong><strong><strong><strong><strong>The rock zone<\/strong><\/strong><\/strong><\/strong><\/strong><\/strong><\/h3>\n\n\n\n<p class=\"has-text-align-center\">Oswaldo Rojas<\/p>\n\n\n\n<h3 class=\"wp-block-heading has-text-align-center\"><strong><strong><strong><strong><strong><strong>Un sue\u00f1o llamado rock<\/strong><\/strong><\/strong><\/strong><\/strong><\/strong><\/h3>\n\n\n\n<p class=\"has-text-align-center\">Francisco Garc\u00eda<\/p>\n\n\n\n<h3 class=\"wp-block-heading has-text-align-center\"><strong><strong><strong><strong><strong><strong>Coraz\u00f3n de metal<\/strong><\/strong><\/strong><\/strong><\/strong><\/strong><\/h3>\n\n\n\n<p class=\"has-text-align-center\">Arturo Ortiz<\/p>\n","protected":false},"excerpt":{"rendered":"<p>FOTOS ANIVERSARIOS CREDITOS Comit\u00e9 Organizador Griselda Becerra Oswaldo Rojas Jaime Barrag\u00e1n Ricardo Quevedo Web Master Andr\u00e9s S\u00e1nchez Imagen y creatividad Arturo Ortiz PIRATE CLUB RADIO Programaci\u00f3n Griselda Becerra Voz oficial Juan Pablo Orea Contenidos The rock zone Oswaldo Rojas Un sue\u00f1o llamado rock Francisco Garc\u00eda Coraz\u00f3n de metal Arturo Ortiz<\/p>\n","protected":false},"author":1,"featured_media":0,"parent":0,"menu_order":0,"comment_status":"closed","ping_status":"closed","template":"","meta":{"inspiro_hide_title":true,"footnotes":""},"class_list":["post-575","page","type-page","status-publish","hentry"],"yoast_head":"<!-- This site is optimized with the Yoast SEO plugin v27.2 - https:\/\/yoast.com\/product\/yoast-seo-wordpress\/ -->\n<title>Club - clubpiratasuperstereo<\/title>\n<meta name=\"robots\" content=\"index, follow, max-snippet:-1, max-image-preview:large, max-video-preview:-1\" \/>\n<link rel=\"canonical\" href=\"https:\/\/clubpiratasuperstereo.com\/index.php\/club-2\/\" \/>\n<meta property=\"og:locale\" content=\"es_ES\" \/>\n<meta property=\"og:type\" content=\"article\" \/>\n<meta property=\"og:title\" content=\"Club - clubpiratasuperstereo\" \/>\n<meta property=\"og:description\" content=\"FOTOS ANIVERSARIOS CREDITOS Comit\u00e9 Organizador Griselda Becerra Oswaldo Rojas Jaime Barrag\u00e1n Ricardo Quevedo Web Master Andr\u00e9s S\u00e1nchez Imagen y creatividad Arturo Ortiz PIRATE CLUB RADIO Programaci\u00f3n Griselda Becerra Voz oficial Juan Pablo Orea Contenidos The rock zone Oswaldo Rojas Un sue\u00f1o llamado rock Francisco Garc\u00eda Coraz\u00f3n de metal Arturo Ortiz\" \/>\n<meta property=\"og:url\" content=\"https:\/\/clubpiratasuperstereo.com\/index.php\/club-2\/\" \/>\n<meta property=\"og:site_name\" content=\"clubpiratasuperstereo\" \/>\n<meta property=\"article:modified_time\" content=\"2026-03-01T07:24:43+00:00\" \/>\n<meta property=\"og:image\" content=\"https:\/\/clubpiratasuperstereo.com\/wp-content\/uploads\/2025\/04\/IMG-20220720-WA0058.jpg\" \/>\n\t<meta property=\"og:image:width\" content=\"1040\" \/>\n\t<meta property=\"og:image:height\" content=\"780\" \/>\n\t<meta property=\"og:image:type\" content=\"image\/jpeg\" \/>\n<meta name=\"twitter:card\" content=\"summary_large_image\" \/>\n<meta name=\"twitter:label1\" content=\"Tiempo de lectura\" \/>\n\t<meta name=\"twitter:data1\" content=\"1 minuto\" \/>\n<script type=\"application\/ld+json\" class=\"yoast-schema-graph\">{\"@context\":\"https:\/\/schema.org\",\"@graph\":[{\"@type\":\"WebPage\",\"@id\":\"https:\/\/clubpiratasuperstereo.com\/index.php\/club-2\/\",\"url\":\"https:\/\/clubpiratasuperstereo.com\/index.php\/club-2\/\",\"name\":\"Club - clubpiratasuperstereo\",\"isPartOf\":{\"@id\":\"https:\/\/clubpiratasuperstereo.com\/#website\"},\"primaryImageOfPage\":{\"@id\":\"https:\/\/clubpiratasuperstereo.com\/index.php\/club-2\/#primaryimage\"},\"image\":{\"@id\":\"https:\/\/clubpiratasuperstereo.com\/index.php\/club-2\/#primaryimage\"},\"thumbnailUrl\":\"https:\/\/clubpiratasuperstereo.com\/wp-content\/uploads\/2025\/04\/IMG-20220720-WA0058.jpg\",\"datePublished\":\"2025-04-17T22:20:17+00:00\",\"dateModified\":\"2026-03-01T07:24:43+00:00\",\"breadcrumb\":{\"@id\":\"https:\/\/clubpiratasuperstereo.com\/index.php\/club-2\/#breadcrumb\"},\"inLanguage\":\"es\",\"potentialAction\":[{\"@type\":\"ReadAction\",\"target\":[\"https:\/\/clubpiratasuperstereo.com\/index.php\/club-2\/\"]}]},{\"@type\":\"ImageObject\",\"inLanguage\":\"es\",\"@id\":\"https:\/\/clubpiratasuperstereo.com\/index.php\/club-2\/#primaryimage\",\"url\":\"https:\/\/clubpiratasuperstereo.com\/wp-content\/uploads\/2025\/04\/IMG-20220720-WA0058.jpg\",\"contentUrl\":\"https:\/\/clubpiratasuperstereo.com\/wp-content\/uploads\/2025\/04\/IMG-20220720-WA0058.jpg\",\"width\":1040,\"height\":780},{\"@type\":\"BreadcrumbList\",\"@id\":\"https:\/\/clubpiratasuperstereo.com\/index.php\/club-2\/#breadcrumb\",\"itemListElement\":[{\"@type\":\"ListItem\",\"position\":1,\"name\":\"Portada\",\"item\":\"https:\/\/clubpiratasuperstereo.com\/\"},{\"@type\":\"ListItem\",\"position\":2,\"name\":\"Club\"}]},{\"@type\":\"WebSite\",\"@id\":\"https:\/\/clubpiratasuperstereo.com\/#website\",\"url\":\"https:\/\/clubpiratasuperstereo.com\/\",\"name\":\"clubpiratasuperstereo\",\"description\":\"\",\"publisher\":{\"@id\":\"https:\/\/clubpiratasuperstereo.com\/#organization\"},\"potentialAction\":[{\"@type\":\"SearchAction\",\"target\":{\"@type\":\"EntryPoint\",\"urlTemplate\":\"https:\/\/clubpiratasuperstereo.com\/?s={search_term_string}\"},\"query-input\":{\"@type\":\"PropertyValueSpecification\",\"valueRequired\":true,\"valueName\":\"search_term_string\"}}],\"inLanguage\":\"es\"},{\"@type\":\"Organization\",\"@id\":\"https:\/\/clubpiratasuperstereo.com\/#organization\",\"name\":\"clubpiratasuperstereo\",\"url\":\"https:\/\/clubpiratasuperstereo.com\/\",\"logo\":{\"@type\":\"ImageObject\",\"inLanguage\":\"es\",\"@id\":\"https:\/\/clubpiratasuperstereo.com\/#\/schema\/logo\/image\/\",\"url\":\"https:\/\/clubpiratasuperstereo.com\/wp-content\/uploads\/2025\/04\/cropped-logo-calavera1.png\",\"contentUrl\":\"https:\/\/clubpiratasuperstereo.com\/wp-content\/uploads\/2025\/04\/cropped-logo-calavera1.png\",\"width\":7520,\"height\":6618,\"caption\":\"clubpiratasuperstereo\"},\"image\":{\"@id\":\"https:\/\/clubpiratasuperstereo.com\/#\/schema\/logo\/image\/\"}}]}<\/script>\n<!-- \/ Yoast SEO plugin. -->","yoast_head_json":{"title":"Club - clubpiratasuperstereo","robots":{"index":"index","follow":"follow","max-snippet":"max-snippet:-1","max-image-preview":"max-image-preview:large","max-video-preview":"max-video-preview:-1"},"canonical":"https:\/\/clubpiratasuperstereo.com\/index.php\/club-2\/","og_locale":"es_ES","og_type":"article","og_title":"Club - clubpiratasuperstereo","og_description":"FOTOS ANIVERSARIOS CREDITOS Comit\u00e9 Organizador Griselda Becerra Oswaldo Rojas Jaime Barrag\u00e1n Ricardo Quevedo Web Master Andr\u00e9s S\u00e1nchez Imagen y creatividad Arturo Ortiz PIRATE CLUB RADIO Programaci\u00f3n Griselda Becerra Voz oficial Juan Pablo Orea Contenidos The rock zone Oswaldo Rojas Un sue\u00f1o llamado rock Francisco Garc\u00eda Coraz\u00f3n de metal Arturo Ortiz","og_url":"https:\/\/clubpiratasuperstereo.com\/index.php\/club-2\/","og_site_name":"clubpiratasuperstereo","article_modified_time":"2026-03-01T07:24:43+00:00","og_image":[{"width":1040,"height":780,"url":"https:\/\/clubpiratasuperstereo.com\/wp-content\/uploads\/2025\/04\/IMG-20220720-WA0058.jpg","type":"image\/jpeg"}],"twitter_card":"summary_large_image","twitter_misc":{"Tiempo de lectura":"1 minuto"},"schema":{"@context":"https:\/\/schema.org","@graph":[{"@type":"WebPage","@id":"https:\/\/clubpiratasuperstereo.com\/index.php\/club-2\/","url":"https:\/\/clubpiratasuperstereo.com\/index.php\/club-2\/","name":"Club - clubpiratasuperstereo","isPartOf":{"@id":"https:\/\/clubpiratasuperstereo.com\/#website"},"primaryImageOfPage":{"@id":"https:\/\/clubpiratasuperstereo.com\/index.php\/club-2\/#primaryimage"},"image":{"@id":"https:\/\/clubpiratasuperstereo.com\/index.php\/club-2\/#primaryimage"},"thumbnailUrl":"https:\/\/clubpiratasuperstereo.com\/wp-content\/uploads\/2025\/04\/IMG-20220720-WA0058.jpg","datePublished":"2025-04-17T22:20:17+00:00","dateModified":"2026-03-01T07:24:43+00:00","breadcrumb":{"@id":"https:\/\/clubpiratasuperstereo.com\/index.php\/club-2\/#breadcrumb"},"inLanguage":"es","potentialAction":[{"@type":"ReadAction","target":["https:\/\/clubpiratasuperstereo.com\/index.php\/club-2\/"]}]},{"@type":"ImageObject","inLanguage":"es","@id":"https:\/\/clubpiratasuperstereo.com\/index.php\/club-2\/#primaryimage","url":"https:\/\/clubpiratasuperstereo.com\/wp-content\/uploads\/2025\/04\/IMG-20220720-WA0058.jpg","contentUrl":"https:\/\/clubpiratasuperstereo.com\/wp-content\/uploads\/2025\/04\/IMG-20220720-WA0058.jpg","width":1040,"height":780},{"@type":"BreadcrumbList","@id":"https:\/\/clubpiratasuperstereo.com\/index.php\/club-2\/#breadcrumb","itemListElement":[{"@type":"ListItem","position":1,"name":"Portada","item":"https:\/\/clubpiratasuperstereo.com\/"},{"@type":"ListItem","position":2,"name":"Club"}]},{"@type":"WebSite","@id":"https:\/\/clubpiratasuperstereo.com\/#website","url":"https:\/\/clubpiratasuperstereo.com\/","name":"clubpiratasuperstereo","description":"","publisher":{"@id":"https:\/\/clubpiratasuperstereo.com\/#organization"},"potentialAction":[{"@type":"SearchAction","target":{"@type":"EntryPoint","urlTemplate":"https:\/\/clubpiratasuperstereo.com\/?s={search_term_string}"},"query-input":{"@type":"PropertyValueSpecification","valueRequired":true,"valueName":"search_term_string"}}],"inLanguage":"es"},{"@type":"Organization","@id":"https:\/\/clubpiratasuperstereo.com\/#organization","name":"clubpiratasuperstereo","url":"https:\/\/clubpiratasuperstereo.com\/","logo":{"@type":"ImageObject","inLanguage":"es","@id":"https:\/\/clubpiratasuperstereo.com\/#\/schema\/logo\/image\/","url":"https:\/\/clubpiratasuperstereo.com\/wp-content\/uploads\/2025\/04\/cropped-logo-calavera1.png","contentUrl":"https:\/\/clubpiratasuperstereo.com\/wp-content\/uploads\/2025\/04\/cropped-logo-calavera1.png","width":7520,"height":6618,"caption":"clubpiratasuperstereo"},"image":{"@id":"https:\/\/clubpiratasuperstereo.com\/#\/schema\/logo\/image\/"}}]}},"_links":{"self":[{"href":"https:\/\/clubpiratasuperstereo.com\/index.php\/wp-json\/wp\/v2\/pages\/575","targetHints":{"allow":["GET"]}}],"collection":[{"href":"https:\/\/clubpiratasuperstereo.com\/index.php\/wp-json\/wp\/v2\/pages"}],"about":[{"href":"https:\/\/clubpiratasuperstereo.com\/index.php\/wp-json\/wp\/v2\/types\/page"}],"author":[{"embeddable":true,"href":"https:\/\/clubpiratasuperstereo.com\/index.php\/wp-json\/wp\/v2\/users\/1"}],"replies":[{"embeddable":true,"href":"https:\/\/clubpiratasuperstereo.com\/index.php\/wp-json\/wp\/v2\/comments?post=575"}],"version-history":[{"count":13,"href":"https:\/\/clubpiratasuperstereo.com\/index.php\/wp-json\/wp\/v2\/pages\/575\/revisions"}],"predecessor-version":[{"id":1290,"href":"https:\/\/clubpiratasuperstereo.com\/index.php\/wp-json\/wp\/v2\/pages\/575\/revisions\/1290"}],"wp:attachment":[{"href":"https:\/\/clubpiratasuperstereo.com\/index.php\/wp-json\/wp\/v2\/media?parent=575"}],"curies":[{"name":"wp","href":"https:\/\/api.w.org\/{rel}","templated":true}]}}